{"id":34,"date":"2019-11-27T17:54:59","date_gmt":"2019-11-27T17:54:59","guid":{"rendered":"https:\/\/junghage.nu\/?page_id=34"},"modified":"2021-06-02T08:58:50","modified_gmt":"2021-06-02T08:58:50","slug":"teknisk-konsult-besiktningsman-radgivare-och-utbildare-inom-markstensbelaggningar","status":"publish","type":"page","link":"https:\/\/junghage.nu\/","title":{"rendered":"Anders Junghage \u2013 Stenkonsult, besiktningsman, r\u00e5dgivare och utbildare f\u00f6r stenkonstruktioner"},"content":{"rendered":"<p>[et_pb_section fb_built=&#8221;1&#8243; _builder_version=&#8221;4.0.6&#8243; background_image=&#8221;https:\/\/junghage.nu\/wp-content\/uploads\/2019\/11\/anders2.jpg&#8221; background_position=&#8221;top_center&#8221; height=&#8221;600px&#8221;][et_pb_row column_structure=&#8221;3_4,1_4&#8243; _builder_version=&#8221;4.0.6&#8243; max_width=&#8221;960px&#8221;][et_pb_column type=&#8221;3_4&#8243; _builder_version=&#8221;4.0.6&#8243;][et_pb_text _builder_version=&#8221;4.0.6&#8243; text_font=&#8221;Work Sans|700|||||||&#8221; header_font=&#8221;Work Sans|700|||||||&#8221; header_font_size=&#8221;16px&#8221; header_line_height=&#8221;1.2em&#8221; header_2_font=&#8221;Work Sans|800|||||||&#8221; header_2_font_size=&#8221;104px&#8221; background_layout=&#8221;dark&#8221; custom_margin=&#8221;264px||||false|false&#8221; custom_margin_tablet=&#8221;&#8221; custom_margin_phone=&#8221;258px||||false|false&#8221; custom_margin_last_edited=&#8221;on|phone&#8221; header_font_size_tablet=&#8221;&#8221; header_font_size_phone=&#8221;12px&#8221; header_font_size_last_edited=&#8221;on|phone&#8221; header_2_font_size_tablet=&#8221;&#8221; header_2_font_size_phone=&#8221;47px&#8221; header_2_font_size_last_edited=&#8221;on|phone&#8221;]<\/p>\n<h1>ANDERS JUNGHAGE \u2013 MERITERAD KONSULT OCH R\u00c5DGIVARE INOM STENARBETEN, STENBEL\u00c4GGNINGAR, STENKONSTRUKTIONER OCH DIMENSIONERING.<\/h1>\n<h2>Stenkonsult<\/h2>\n<p>[\/et_pb_text][\/et_pb_column][et_pb_column type=&#8221;1_4&#8243; _builder_version=&#8221;4.0.6&#8243;][et_pb_image src=&#8221;https:\/\/junghage.nu\/wp-content\/uploads\/2021\/06\/sten-1.png&#8221; _builder_version=&#8221;4.9.4&#8243; _module_preset=&#8221;default&#8221; title_text=&#8221;sten&#8221; hover_enabled=&#8221;0&#8243; sticky_enabled=&#8221;0&#8243; custom_margin=&#8221;||34px|||&#8221;][\/et_pb_image][\/et_pb_column][\/et_pb_row][\/et_pb_section][et_pb_section fb_built=&#8221;1&#8243; _builder_version=&#8221;4.0.6&#8243; background_color=&#8221;#ffffff&#8221;][et_pb_row _builder_version=&#8221;4.0.6&#8243; max_width=&#8221;960px&#8221; custom_margin=&#8221;32px|auto||auto||&#8221; custom_margin_tablet=&#8221;&#8221; custom_margin_phone=&#8221;0px||-14px||false|false&#8221; custom_margin_last_edited=&#8221;on|phone&#8221; custom_padding=&#8221;3px||3px||false|false&#8221;][et_pb_column type=&#8221;4_4&#8243; _builder_version=&#8221;4.0.6&#8243;][et_pb_text _builder_version=&#8221;4.0.6&#8243; header_2_font=&#8221;Work Sans|600|||||||&#8221;]<\/p>\n<h2>Med sten bygger du h\u00e5llbara ytor.<\/h2>\n<p>[\/et_pb_text][\/et_pb_column][\/et_pb_row][et_pb_row column_structure=&#8221;1_2,1_2&#8243; custom_padding_last_edited=&#8221;on|phone&#8221; _builder_version=&#8221;4.0.6&#8243; max_width=&#8221;960px&#8221; custom_margin=&#8221;4px|auto|20px|auto|false|false&#8221; custom_margin_tablet=&#8221;&#8221; custom_margin_phone=&#8221;||16px||false|false&#8221; custom_margin_last_edited=&#8221;on|phone&#8221; custom_padding_tablet=&#8221;&#8221; custom_padding_phone=&#8221;||0px||false|false&#8221;][et_pb_column type=&#8221;1_2&#8243; _builder_version=&#8221;4.0.6&#8243;][et_pb_text _builder_version=&#8221;4.0.6&#8243; text_font=&#8221;Work Sans||||||||&#8221; text_font_size=&#8221;15px&#8221; header_2_font=&#8221;Work Sans|700|||||||&#8221;]<\/p>\n<p>En naturstenyta byggd p\u00e5 r\u00e4tt s\u00e4tt t\u00e5l obegr\u00e4nsat med slitage. Misshandla den i hundra \u00e5r. Hundrafemtio. Den bryr sig inte.<\/p>\n<p>Med r\u00e4tt sten och r\u00e4tt utf\u00f6rande kommer ytan ligga kvar l\u00e5ngt efter att asfalten som omger den har vittratt s\u00f6nder och kr\u00e4vt nya investeringar.<\/p>\n<p>D\u00e4rf\u00f6r \u00e4r sten oftast ett mer h\u00e5llbart val. Mer ekonomiskt.<\/p>\n<p>Men det \u00e4r mycket som kan g\u00e5 fel.<\/p>\n<p>[\/et_pb_text][\/et_pb_column][et_pb_column type=&#8221;1_2&#8243; _builder_version=&#8221;4.0.6&#8243;][et_pb_text _builder_version=&#8221;4.0.6&#8243; text_font=&#8221;Work Sans||||||||&#8221; text_font_size=&#8221;15px&#8221; header_2_font=&#8221;Work Sans|700|||||||&#8221;]<\/p>\n<p><span style=\"font-size: 15px;\">Och n\u00e4r det handlar om stenl\u00e4ggning kan sm\u00e5 fel kosta stora pengar. Jag vet. F\u00f6r under mina 25 \u00e5r i branschen har jag gjort de flesta misstag man kan g\u00f6ra. L\u00e4rt mig l\u00e4xor du inte kan hitta via Google eller n\u00e5gon handbok.<\/span><\/p>\n<p>Nu finns jag h\u00e4r f\u00f6r att hj\u00e4lpa dig som \u00e4r best\u00e4llare, arkitekt eller projekt\u00f6r att g\u00f6ra kloka val som spar tid, pengar och resurser.<\/p>\n<p>Anv\u00e4nd mig som st\u00f6d l\u00e4ngs hela kedjan fr\u00e5n id\u00e9 till f\u00e4rdig yta, s\u00e5 kan vi tillsammans skapa n\u00e5got riktigt h\u00e5llbart.<\/p>\n<p>[\/et_pb_text][\/et_pb_column][\/et_pb_row][\/et_pb_section][et_pb_section fb_built=&#8221;1&#8243; _builder_version=&#8221;4.0.6&#8243; background_image=&#8221;https:\/\/junghage.nu\/wp-content\/uploads\/2019\/11\/anders3.jpg&#8221; parallax=&#8221;on&#8221; min_height=&#8221;500px&#8221; min_height_tablet=&#8221;&#8221; min_height_phone=&#8221;&#8221; min_height_last_edited=&#8221;on|phone&#8221; max_height=&#8221;700px&#8221;][et_pb_row column_structure=&#8221;1_2,1_2&#8243; _builder_version=&#8221;4.0.6&#8243; custom_margin=&#8221;135px||||false|false&#8221; custom_margin_tablet=&#8221;&#8221; custom_margin_phone=&#8221;100px||||false|false&#8221; custom_margin_last_edited=&#8221;on|phone&#8221;][et_pb_column type=&#8221;1_2&#8243; _builder_version=&#8221;4.0.6&#8243;][\/et_pb_column][et_pb_column type=&#8221;1_2&#8243; _builder_version=&#8221;4.0.6&#8243;][et_pb_text _builder_version=&#8221;4.0.6&#8243; text_font=&#8221;Work Sans|700|||||||&#8221; text_text_color=&#8221;#ffffff&#8221; text_font_size=&#8221;19px&#8221; text_line_height=&#8221;1.4em&#8221; header_text_color=&#8221;#ffffff&#8221; header_2_font=&#8221;Work Sans|700|||||||&#8221; header_2_text_color=&#8221;#ffffff&#8221; header_2_font_size=&#8221;31px&#8221; custom_margin=&#8221;|||94px|false|false&#8221; custom_margin_tablet=&#8221;&#8221; custom_margin_phone=&#8221;|||73px|false|false&#8221; custom_margin_last_edited=&#8221;on|desktop&#8221;]<\/p>\n<h2>Sagt om Anders Junghage<\/h2>\n<blockquote>\n<p>\u201dMed gediget yrkeskunnande \u00f6verbryggar Anders diket mellan forskningsresultat och praktiskt genomf\u00f6rbara konstruktioner&#8221;.<\/p>\n<\/blockquote>\n<p style=\"text-align: right;\"><em>Erik Simonsen<br \/> <\/em><em>Senior utvecklingsledare, Ph.D\/MSc<\/em><\/p>\n<p>[\/et_pb_text][\/et_pb_column][\/et_pb_row][\/et_pb_section][et_pb_section fb_built=&#8221;1&#8243; _builder_version=&#8221;4.0.6&#8243;][et_pb_row custom_padding_last_edited=&#8221;on|phone&#8221; _builder_version=&#8221;4.0.6&#8243; custom_margin=&#8221;19px||0px||false|false&#8221; custom_margin_tablet=&#8221;&#8221; custom_margin_phone=&#8221;&#8221; custom_margin_last_edited=&#8221;on|desktop&#8221; custom_padding=&#8221;||0px||false|false&#8221; custom_padding_tablet=&#8221;&#8221; custom_padding_phone=&#8221;0px||||false|false&#8221;][et_pb_column type=&#8221;4_4&#8243; _builder_version=&#8221;4.0.6&#8243;][et_pb_text _builder_version=&#8221;4.0.6&#8243; header_2_font=&#8221;Work Sans|600|||||||&#8221; custom_padding=&#8221;0px|||||&#8221;]<\/p>\n<h2>Anlita Anders Junghage som:<\/h2>\n<p>[\/et_pb_text][\/et_pb_column][\/et_pb_row][et_pb_row column_structure=&#8221;1_4,1_4,1_4,1_4&#8243; _builder_version=&#8221;4.0.6&#8243; custom_margin=&#8221;||33px||false|false&#8221; custom_margin_tablet=&#8221;&#8221; custom_margin_phone=&#8221;||0px||false|false&#8221; custom_margin_last_edited=&#8221;on|phone&#8221; custom_padding=&#8221;||0px||false|false&#8221;][et_pb_column type=&#8221;1_4&#8243; _builder_version=&#8221;4.0.6&#8243;][et_pb_blurb title=&#8221;Best\u00e4llarst\u00f6d&#8221; image=&#8221;https:\/\/junghage.nu\/wp-content\/uploads\/2019\/12\/anders8.jpg&#8221; _builder_version=&#8221;4.0.6&#8243; header_level=&#8221;h2&#8243; header_font=&#8221;Work Sans|600|||||||&#8221; body_font=&#8221;Work Sans||||||||&#8221; body_font_size=&#8221;15px&#8221;]<\/p>\n<p>Kvalitetss\u00e4krar och granskar f\u00f6rfr\u00e5gningsunderlag i samarbete med kommuner, konsulter och arkitekter. Hj\u00e4lper till vid byggstart och under projekt. Hj\u00e4lper er st\u00e4lla r\u00e4tt krav p\u00e5 material och utf\u00f6rande s\u00e5 att det blir r\u00e4tt fr\u00e5n b\u00f6rjan. Det spar tid, energi och on\u00f6diga kostnader i anbudsf\u00f6rfarandet och utf\u00f6randefasen.<\/p>\n<p>[\/et_pb_blurb][\/et_pb_column][et_pb_column type=&#8221;1_4&#8243; _builder_version=&#8221;4.0.6&#8243;][et_pb_blurb title=&#8221;F\u00f6rel\u00e4ser | utbildar&#8221; image=&#8221;https:\/\/junghage.nu\/wp-content\/uploads\/2019\/12\/junghans.jpg&#8221; _builder_version=&#8221;4.0.6&#8243; header_level=&#8221;h2&#8243; header_font=&#8221;Work Sans|600|||||||&#8221; body_font=&#8221;Work Sans||||||||&#8221; body_font_size=&#8221;15px&#8221;]<\/p>\n<p>Vill du f\u00e5 full koll p\u00e5 hur v\u00e5ra v\u00e4gar kan f\u00f6rdr\u00f6ja och rena dagvatten? Eller hur man dimensionerar, f\u00f6reskriver och anl\u00e4gger stenytor? Vill du veta vilka nyheter som finns i AMA-Anl\u00e4ggning 20, eller varf\u00f6r du beh\u00f6ver f\u00f6rst\u00e5 SSEN 1341, 42 och 43 och dess kopplingar till AMA?<\/p>\n<p>[\/et_pb_blurb][\/et_pb_column][et_pb_column type=&#8221;1_4&#8243; _builder_version=&#8221;4.0.6&#8243;][et_pb_blurb title=&#8221;R\u00e5dgivare&#8221; image=&#8221;https:\/\/junghage.nu\/wp-content\/uploads\/2019\/12\/anders5.jpg&#8221; _builder_version=&#8221;4.0.6&#8243; header_level=&#8221;h2&#8243; header_font=&#8221;Work Sans|600|||||||&#8221; body_font=&#8221;Work Sans||||||||&#8221; body_font_size=&#8221;15px&#8221;]<\/p>\n<p>Hj\u00e4lper till med ber\u00e4kningar, dimensioneringar, utl\u00e5tanden, besiktningar och \u00f6vriga fr\u00e5gor om stenkonstruktioner eller dr\u00e4nerande konstruktioner.<\/p>\n<p>[\/et_pb_blurb][\/et_pb_column][et_pb_column type=&#8221;1_4&#8243; _builder_version=&#8221;4.0.6&#8243;][et_pb_blurb title=&#8221;Besiktningsman&#8221; image=&#8221;https:\/\/junghage.nu\/wp-content\/uploads\/2019\/12\/anders4.jpg&#8221; _builder_version=&#8221;4.0.6&#8243; header_level=&#8221;h2&#8243; header_font=&#8221;Work Sans|600|||||||&#8221; body_font=&#8221;Work Sans||||||||&#8221; body_font_size=&#8221;15px&#8221;]<\/p>\n<p>Utbildar f\u00f6r BEUM och dess certifieringar av besiktningsm\u00e4n.<\/p>\n<p>\u00c4r utbildad besiktningsman och \u00e5tar mig uppdrag som bitr\u00e4dande besiktningsman med inriktning p\u00e5 sten.<\/p>\n<p>[\/et_pb_blurb][\/et_pb_column][\/et_pb_row][\/et_pb_section][et_pb_section fb_built=&#8221;1&#8243; _builder_version=&#8221;4.0.6&#8243; background_image=&#8221;https:\/\/junghage.nu\/wp-content\/uploads\/2019\/12\/anders-1-2.jpg&#8221; min_height=&#8221;400px&#8221;][et_pb_row column_structure=&#8221;1_2,1_2&#8243; _builder_version=&#8221;4.0.6&#8243; custom_margin=&#8221;80px||80px||false|false&#8221; custom_margin_tablet=&#8221;&#8221; custom_margin_phone=&#8221;100px||||false|false&#8221; custom_margin_last_edited=&#8221;on|phone&#8221;][et_pb_column type=&#8221;1_2&#8243; _builder_version=&#8221;4.0.6&#8243;][et_pb_text _builder_version=&#8221;4.0.6&#8243; header_2_font=&#8221;Work Sans|700|||||||&#8221; background_layout=&#8221;dark&#8221; custom_margin=&#8221;||6px|||&#8221;]<\/p>\n<h2>L\u00e4s artikel om Anders i tidningen Sten<\/h2>\n<p>[\/et_pb_text][et_pb_image src=&#8221;https:\/\/junghage.nu\/wp-content\/uploads\/2019\/12\/sten.jpg&#8221; url=&#8221;http:\/\/www.e-magin.se\/paper\/bm2gpg7b\/paper\/1#\/paper\/bm2gpg7b\/10&#8243; _builder_version=&#8221;4.0.6&#8243;][\/et_pb_image][\/et_pb_column][et_pb_column type=&#8221;1_2&#8243; _builder_version=&#8221;4.0.6&#8243;][\/et_pb_column][\/et_pb_row][\/et_pb_section][et_pb_section fb_built=&#8221;1&#8243; _builder_version=&#8221;4.0.6&#8243;][et_pb_row _builder_version=&#8221;4.0.6&#8243; max_width=&#8221;700px&#8221; module_alignment=&#8221;center&#8221; custom_margin=&#8221;60px||60px||false|false&#8221; custom_margin_tablet=&#8221;&#8221; custom_margin_phone=&#8221;0px||0px||false|false&#8221; custom_margin_last_edited=&#8221;on|phone&#8221;][et_pb_column type=&#8221;4_4&#8243; _builder_version=&#8221;4.0.6&#8243;][et_pb_text _builder_version=&#8221;4.0.6&#8243; text_font=&#8221;Work Sans|500|||||||&#8221; text_font_size=&#8221;15px&#8221; header_2_font=&#8221;Work Sans|700|||||||&#8221;]<\/p>\n<h2>Mitt l\u00f6fte:<\/h2>\n<p>Natursten och betongsten ska anl\u00e4ggas med den respekt de f\u00f6rtj\u00e4nar.<\/p>\n<p>I 25 \u00e5r har jag arbetet med natursten och betongsten.<\/p>\n<p>Att f\u00e5 vara kreativ som stens\u00e4ttare \u00e4r mitt liv. Fr\u00e5ga mig inte varf\u00f6r men stenn\u00f6rden i mig tar aldrig rast.<\/p>\n<p>Som 13-\u00e5ring slet jag h\u00e5rt i pappas f\u00f6retag. Jag utbildade mig till civilekonom. Byggde upp och s\u00e5lde Sveriges st\u00f6rsta stenbel\u00e4ggnings-f\u00f6retag.<\/p>\n<p>Sedan har jag forskat. Skrivit de handb\u00f6cker som branschen anv\u00e4nder. Deltagit i arbetet med AMA-Anl\u00e4ggning 20 och SSEN 1341, 1342, 1343. Suttit i Stenindustrins tekniska kommitt\u00e9 och utbildat framtida certifierade besiktningsm\u00e4n och mycket mer.<\/p>\n<p>D\u00e4rf\u00f6r kan jag lova att med mig som r\u00e5dgivare kommer din yta att f\u00f6reskrivas och anl\u00e4ggas efter konstens alla regler.<\/p>\n<p>Tillsammans bygger vi h\u00e5llbart.<\/p>\n<p>[\/et_pb_text][\/et_pb_column][\/et_pb_row][\/et_pb_section][et_pb_section fb_built=&#8221;1&#8243; _builder_version=&#8221;4.0.6&#8243; background_color=&#8221;#000000&#8243;][et_pb_row _builder_version=&#8221;4.0.6&#8243; min_height=&#8221;84px&#8221; custom_margin=&#8221;80px|auto|80px|auto|false|false&#8221;][et_pb_column type=&#8221;4_4&#8243; _builder_version=&#8221;4.0.6&#8243;][et_pb_text _builder_version=&#8221;4.0.6&#8243; header_2_font=&#8221;Work Sans|700|||||||&#8221; background_layout=&#8221;dark&#8221;]<\/p>\n<h2 style=\"text-align: center;\">Kontakta Anders Junghage<\/h2>\n<p style=\"text-align: center;\">070-88 66 418<br \/> anders@junghage.nu<br \/>V:a Torggatan 10, 66532 Kil<\/p>\n<p>[\/et_pb_text][\/et_pb_column][\/et_pb_row][\/et_pb_section]<\/p>\n","protected":false},"excerpt":{"rendered":"<p>[et_pb_section fb_built=&#8221;1&#8243; _builder_version=&#8221;4.0.6&#8243; background_image=&#8221;https:\/\/junghage.nu\/wp-content\/uploads\/2019\/11\/anders2.jpg&#8221; background_position=&#8221;top_center&#8221; height=&#8221;600px&#8221;][et_pb_row column_structure=&#8221;3_4,1_4&#8243; _builder_version=&#8221;4.0.6&#8243; max_width=&#8221;960px&#8221;][et_pb_column type=&#8221;3_4&#8243; _builder_version=&#8221;4.0.6&#8243;][et_pb_text _builder_version=&#8221;4.0.6&#8243; text_font=&#8221;Work Sans|700|||||||&#8221; header_font=&#8221;Work Sans|700|||||||&#8221; header_font_size=&#8221;16px&#8221; header_line_height=&#8221;1.2em&#8221; header_2_font=&#8221;Work Sans|800|||||||&#8221; header_2_font_size=&#8221;104px&#8221; background_layout=&#8221;dark&#8221; custom_margin=&#8221;264px||||false|false&#8221; custom_margin_tablet=&#8221;&#8221; custom_margin_phone=&#8221;258px||||false|false&#8221; custom_margin_last_edited=&#8221;on|phone&#8221; header_font_size_tablet=&#8221;&#8221; header_font_size_phone=&#8221;12px&#8221; header_font_size_last_edited=&#8221;on|phone&#8221; header_2_font_size_tablet=&#8221;&#8221; header_2_font_size_phone=&#8221;47px&#8221; header_2_font_size_last_edited=&#8221;on|phone&#8221;] ANDERS JUNGHAGE \u2013 MERITERAD KONSULT OCH R\u00c5DGIVARE INOM STENARBETEN, STENBEL\u00c4GGNINGAR, STENKONSTRUKTIONER OCH DIMENSIONERING. Stenkonsult [\/et_pb_text][\/et_pb_column][et_pb_column type=&#8221;1_4&#8243; _builder_version=&#8221;4.0.6&#8243;][et_pb_image src=&#8221;https:\/\/junghage.nu\/wp-content\/uploads\/2021\/06\/sten-1.png&#8221; _builder_version=&#8221;4.9.4&#8243; _module_preset=&#8221;default&#8221; title_text=&#8221;sten&#8221; hover_enabled=&#8221;0&#8243; sticky_enabled=&#8221;0&#8243; [&hellip;]<\/p>\n","protected":false},"author":1,"featured_media":0,"parent":0,"menu_order":0,"comment_status":"closed","ping_status":"closed","template":"","meta":{"_et_pb_use_builder":"on","_et_pb_old_content":"","_et_gb_content_width":""},"_links":{"self":[{"href":"https:\/\/junghage.nu\/index.php?rest_route=\/wp\/v2\/pages\/34"}],"collection":[{"href":"https:\/\/junghage.nu\/index.php?rest_route=\/wp\/v2\/pages"}],"about":[{"href":"https:\/\/junghage.nu\/index.php?rest_route=\/wp\/v2\/types\/page"}],"author":[{"embeddable":true,"href":"https:\/\/junghage.nu\/index.php?rest_route=\/wp\/v2\/users\/1"}],"replies":[{"embeddable":true,"href":"https:\/\/junghage.nu\/index.php?rest_route=%2Fwp%2Fv2%2Fcomments&post=34"}],"version-history":[{"count":55,"href":"https:\/\/junghage.nu\/index.php?rest_route=\/wp\/v2\/pages\/34\/revisions"}],"predecessor-version":[{"id":180,"href":"https:\/\/junghage.nu\/index.php?rest_route=\/wp\/v2\/pages\/34\/revisions\/180"}],"wp:attachment":[{"href":"https:\/\/junghage.nu\/index.php?rest_route=%2Fwp%2Fv2%2Fmedia&parent=34"}],"curies":[{"name":"wp","href":"https:\/\/api.w.org\/{rel}","templated":true}]}}